{"id":760,"date":"2023-05-05T21:17:17","date_gmt":"2023-05-05T19:17:17","guid":{"rendered":"https:\/\/bseschwege.de\/wp\/?page_id=760"},"modified":"2026-04-04T10:28:23","modified_gmt":"2026-04-04T08:28:23","slug":"abteilung-g","status":"publish","type":"page","link":"https:\/\/bseschwege.de\/wp\/abteilung-g\/","title":{"rendered":"Abteilung G"},"content":{"rendered":"\n<section class=\"section-sv\">\n\n<!-- ====================== Ansprechpartner ====================== -->\n<div class=\"content-box\">\n  <h5><i class=\"fas fa-user heading-icon\"><\/i> Ansprechpartner<\/h5>\n\n  <div style=\"display:flex; flex-wrap:wrap; gap:16px; justify-content:center;\">\n\n    <div class=\"kontakt-box kompakt-kontakt-modern\" style=\"flex:1; min-width:250px; max-width:320px; text-align:center; box-shadow:none; background:none;\">\n\n      <img \n        src=\"https:\/\/bseschwege.de\/wp\/wp-content\/uploads\/2023\/11\/Stieff_Gerrit_D7H_6755-2_klein.png\"\n        alt=\"Gerrit Stieff\"\n        loading=\"lazy\"\n        decoding=\"async\"\n        style=\"max-width:140px; border-radius:12px; margin:auto auto 12px auto;\"\n      >\n\n      <div class=\"kontakt-header\">\n        <span class=\"kontakt-role\">Abteilungsleiter [G]<\/span>\n        <span class=\"kontakt-name\">Gerrit Stieff<\/span>\n        <span class=\"kontakt-role\">StD<\/span>\n      <\/div>\n\n      <a href=\"tel:05651229415\" class=\"kontakt-link\">\n        <i class=\"fas fa-phone kontakt-icon\"><\/i>\n        <strong>Telefon: <\/strong>05651 2294-15\n      <\/a>\n\n      <a href=\"mailto:stieff.g@bs-eschwege.de\" class=\"kontakt-link\">\n        <i class=\"fas fa-envelope kontakt-icon\"><\/i>\n        <strong>E-Mail: <\/strong>stieff.g@bs-eschwege.de\n      <\/a>\n\n    <\/div>\n\n  <\/div>\n<\/div>\n\n<!-- ====================== Vollzeit ====================== -->\n<div class=\"content-box\">\n  <h5><i class=\"fas fa-school heading-icon\"><\/i> Vollzeitbereich \/ Bildungsg\u00e4nge<\/h5>\n\n  <details class=\"details-blue\" open>\n    <summary><i class=\"fas fa-layer-group\"><\/i> Bildungsg\u00e4nge<\/summary>\n    <ul class=\"icon-list\">\n      <li><i class=\"fas fa-check-circle\"><\/i> Berufsgrundbildungsjahr Holztechnik<\/li>\n      <li><i class=\"fas fa-check-circle\"><\/i> Berufsgrundbildungsjahr Metalltechnik<\/li>\n      <li><i class=\"fas fa-check-circle\"><\/i> Zweij\u00e4hrige Berufsfachschule Metalltechnik<\/li>\n      <li><i class=\"fas fa-check-circle\"><\/i> Zweij\u00e4hrige Berufsfachschule Elektrotechnik<\/li>\n      <li><i class=\"fas fa-check-circle\"><\/i> Fachoberschule (FOS)<\/li>\n      <li><i class=\"fas fa-check-circle\"><\/i> Schwerpunkt Maschinenbau<\/li>\n      <li><i class=\"fas fa-check-circle\"><\/i> Schwerpunkt Sozialwesen<\/li>\n    <\/ul>\n  <\/details>\n\n<\/div>\n\n<!-- ====================== Teilzeit ====================== -->\n<div class=\"content-box\">\n  <h5><i class=\"fas fa-tools heading-icon\"><\/i> Teilzeitbereich<\/h5>\n\n  <!-- Metalltechnik -->\n  <details class=\"details-green\" open>\n    <summary><i class=\"fas fa-cogs\"><\/i> Metalltechnik<\/summary>\n    <ul class=\"icon-list\">\n      <li><i class=\"fas fa-check-circle\"><\/i> Industriemechaniker\/in<\/li>\n      <li><i class=\"fas fa-check-circle\"><\/i> Werkzeugmechaniker\/in<\/li>\n      <li><i class=\"fas fa-check-circle\"><\/i> Zerspanungsmechaniker\/in<\/li>\n      <li><i class=\"fas fa-check-circle\"><\/i> Anlagenmechaniker\/in SHK<\/li>\n      <li><i class=\"fas fa-check-circle\"><\/i> Metallbauer\/in<\/li>\n      <li><i class=\"fas fa-check-circle\"><\/i> Konstruktionsmechaniker\/in<\/li>\n      <li><i class=\"fas fa-check-circle\"><\/i> Feinwerkmechaniker\/in<\/li>\n      <li><i class=\"fas fa-check-circle\"><\/i> Mechaniker\/in f\u00fcr Reifen- und Vulkanisationstechnik<\/li>\n    <\/ul>\n  <\/details>\n\n  <!-- KFZ -->\n  <details class=\"details-yellow\" open>\n    <summary><i class=\"fas fa-car\"><\/i> Kfz-Technik<\/summary>\n    <ul class=\"icon-list\">\n      <li><i class=\"fas fa-check-circle\"><\/i> Kraftfahrzeug-Mechatroniker\/in<\/li>\n      <li><i class=\"fas fa-check-circle\"><\/i> Zweiradmechaniker\/in<\/li>\n      <li><i class=\"fas fa-check-circle\"><\/i> Landmaschinenmechaniker\/in<\/li>\n    <\/ul>\n  <\/details>\n\n  <!-- Bau -->\n  <details class=\"details-orange\" open>\n    <summary><i class=\"fas fa-hard-hat\"><\/i> Bautechnik<\/summary>\n    <ul class=\"icon-list\">\n      <li><i class=\"fas fa-check-circle\"><\/i> Maurer\/in<\/li>\n      <li><i class=\"fas fa-check-circle\"><\/i> Hochbaufacharbeiter\/in<\/li>\n      <li><i class=\"fas fa-check-circle\"><\/i> Tiefbaufacharbeiter\/in<\/li>\n      <li><i class=\"fas fa-check-circle\"><\/i> Beton- und Stahlbetonbauer\/in<\/li>\n      <li><i class=\"fas fa-check-circle\"><\/i> Fliesenleger\/in<\/li>\n      <li><i class=\"fas fa-check-circle\"><\/i> Stra\u00dfenbauer\/in<\/li>\n      <li><i class=\"fas fa-check-circle\"><\/i> Zimmerer\/Zimmerin<\/li>\n      <li><i class=\"fas fa-check-circle\"><\/i> Brunnenbauer\/in<\/li>\n    <\/ul>\n  <\/details>\n\n  <!-- Holz -->\n  <details class=\"details-purple\" open>\n    <summary><i class=\"fas fa-tree\"><\/i> Holztechnik<\/summary>\n    <ul class=\"icon-list\">\n      <li><i class=\"fas fa-check-circle\"><\/i> Tischler\/in<\/li>\n      <li><i class=\"fas fa-check-circle\"><\/i> Holzbearbeiter\/in<\/li>\n      <li><i class=\"fas fa-check-circle\"><\/i> Holzmechaniker\/in<\/li>\n    <\/ul>\n  <\/details>\n\n<\/div>\n\n<\/section>\n","protected":false},"excerpt":{"rendered":"<p>Ansprechpartner Abteilungsleiter [G] Gerrit Stieff StD Telefon: 05651 2294-15 E-Mail: stieff.g@bs-eschwege.de Vollzeitbereich \/ Bildungsg\u00e4nge Bildungsg\u00e4nge Berufsgrundbildungsjahr Holztechnik Berufsgrundbildungsjahr Metalltechnik Zweij\u00e4hrige Berufsfachschule Metalltechnik Zweij\u00e4hrige Berufsfachschule Elektrotechnik Fachoberschule (FOS) Schwerpunkt Maschinenbau Schwerpunkt Sozialwesen Teilzeitbereich Metalltechnik Industriemechaniker\/in Werkzeugmechaniker\/in Zerspanungsmechaniker\/in Anlagenmechaniker\/in SHK Metallbauer\/in Konstruktionsmechaniker\/in Feinwerkmechaniker\/in Mechaniker\/in f\u00fcr Reifen- und Vulkanisationstechnik Kfz-Technik Kraftfahrzeug-Mechatroniker\/in Zweiradmechaniker\/in Landmaschinenmechaniker\/in&hellip; <\/p>\n","protected":false},"author":1,"featured_media":0,"parent":0,"menu_order":0,"comment_status":"closed","ping_status":"closed","template":"","meta":{"footnotes":""},"class_list":["post-760","page","type-page","status-publish","hentry"],"_links":{"self":[{"href":"https:\/\/bseschwege.de\/wp\/wp-json\/wp\/v2\/pages\/760","targetHints":{"allow":["GET"]}}],"collection":[{"href":"https:\/\/bseschwege.de\/wp\/wp-json\/wp\/v2\/pages"}],"about":[{"href":"https:\/\/bseschwege.de\/wp\/wp-json\/wp\/v2\/types\/page"}],"author":[{"embeddable":true,"href":"https:\/\/bseschwege.de\/wp\/wp-json\/wp\/v2\/users\/1"}],"replies":[{"embeddable":true,"href":"https:\/\/bseschwege.de\/wp\/wp-json\/wp\/v2\/comments?post=760"}],"version-history":[{"count":7,"href":"https:\/\/bseschwege.de\/wp\/wp-json\/wp\/v2\/pages\/760\/revisions"}],"predecessor-version":[{"id":8298,"href":"https:\/\/bseschwege.de\/wp\/wp-json\/wp\/v2\/pages\/760\/revisions\/8298"}],"wp:attachment":[{"href":"https:\/\/bseschwege.de\/wp\/wp-json\/wp\/v2\/media?parent=760"}],"curies":[{"name":"wp","href":"https:\/\/api.w.org\/{rel}","templated":true}]}}