{"id":17,"date":"2022-11-03T10:15:41","date_gmt":"2022-11-03T09:15:41","guid":{"rendered":"http:\/\/bseschwege.de\/wp\/?page_id=17"},"modified":"2026-04-01T22:41:19","modified_gmt":"2026-04-01T20:41:19","slug":"fos","status":"publish","type":"page","link":"https:\/\/bseschwege.de\/wp\/fos\/","title":{"rendered":"Fachoberschule (FOS)"},"content":{"rendered":"<style class=\"wpcode-css-snippet\">.page-title::after {\r\n  background: var(--fos-color);\r\n}\r\n\r\n.haekchen_fos li::before {\r\n  content: \"\u2714\";\r\n  position: absolute;\r\n  color: var(--fos-dark-color);\r\n  font-weight: bold;\r\n  font-size: 16px;\r\n  left: 20px;\r\n}\r\n\r\n@media only screen and (max-width: 480px){\r\n\t#main{\r\n\t\tmargin-right: 6px;\r\n\t}\r\n\t\r\n\t.haekchen_fos li::before {\r\n\t\tleft: 0px;\r\n\t}\r\n}<\/style>\n\n\n\n<div class=\"s_form_fos_container s_form_container\">\n\t<div class=\"schwerpkt_container\">\n\t\t<h2>Schwerpunkte<\/h2>\n\t\t<div class=\"schwerpkt_schulform_container\">\n\t\t\t<div class=\"schwerpkt schwerpkt_fos wv\">\n\t\t\t\t<div class=\"schwerpkt_content schwerpkt_fos_content\">\n\t\t\t\t  <a href=\"https:\/\/bseschwege.de\/wp\/fos-wirtschaft-und-verwaltung\/\" title=\"Wirtschaft und Verwaltung\">\n\t\t\t\t\t<p>Wirtschaft und Verwaltung<\/p>\n\t\t\t\t  <\/a>\n\t\t\t\t<\/div>\n\t\t\t<\/div>\n\t  \n\t\t\t<div class=\"schwerpkt schwerpkt_fos maschinenbau\">\n\t\t\t\t<div class=\"schwerpkt_content schwerpkt_fos_content\">\n\t\t\t\t  <a href=\"https:\/\/bseschwege.de\/wp\/fos-maschinenbau\/\" title=\"Maschinenbau\">\n\t\t\t\t\t<p>Technik (Elektrotechnik\/ Maschinenbau)<\/p>\n\t\t\t\t  <\/a>\n\t\t\t\t<\/div>\n\t\t\t<\/div>\n\t  \n\t\t\t<div class=\"schwerpkt schwerpkt_fos sozialwesen\">\n\t\t\t\t<div class=\"schwerpkt_content schwerpkt_fos_content\">\n\t\t\t\t  <a href=\"https:\/\/bseschwege.de\/wp\/fos-sozialwesen\/\" title=\"Sozialwesen\">\n\t\t\t\t\t<p>Sozialwesen<\/p>\n\t\t\t\t  <\/a>\n\t\t\t\t<\/div>\n\t\t\t<\/div>\n\t\t<\/div>\n\n\n<div class=\"schulform_beschreibung_container fos\">\r\n\t<div class=\"schulform_praesentation\">\r\n\t\t<p class=\"schulform_headline fos\"><img decoding=\"async\" src=\"https:\/\/bseschwege.de\/wp\/wp-content\/uploads\/2023\/11\/star.png\" style=\"width: 40px; padding-right: 10px; padding-top: 5px; margin-right:5px\">Pr\u00e4sentation der Fachoberschule<\/p>\r\n\t\t<div class=\"schulform_img_holder\">\r\n\t\t\t<a href=\"https:\/\/bseschwege.de\/wp\/wp-content\/uploads\/2024\/11\/Praesentation-FOS-Master-25.11.2024.pdf\" target=_blank><img decoding=\"async\" class=\"praesentation_img fos_border\" src=\"https:\/\/bseschwege.de\/wp\/wp-content\/uploads\/2024\/11\/Bild_Praesentation_FOS.png\" style=\"width: 340px; padding-right: 10px; padding-top: 5px; margin-right:5px\"><\/a>\r\n\t\t<\/div>\r\n\t<\/div>\r\n\t<div class=\"schulform_aufnahmekriterien\">\r\n\t\t<p class=\"schulform_headline fos\"><img decoding=\"async\" src=\"https:\/\/bseschwege.de\/wp\/wp-content\/uploads\/2023\/09\/checklist-1.png\" style=\"width: 40px; padding-right: 10px; padding-top: 5px; margin-right:5px\">Aufnahmekriterien<\/p>\r\n\t\t<div class=\"schulform_beschreibung\" style=\"position:relative;\">\r\n\t\t\t<ul class=\"schulform_beschreibung_liste haekchen_fos\" style=\"list-style:none;\">\r\n\t\t\t\t<li>Geeigneter Praktikumsplatz (Form A) oder abgeschlossene Berufsausbildung (Form B)<\/li>\r\n\t\t\t\t<li>Mittlerer Abschluss mit Noten in den F\u00e4chern Deutsch, Englisch und Mathematik mindestens zweimal befriedigend und keines dieser F\u00e4cher schlechter als ausreichend und positives Eignungsgutachten der Klassenkonferenz <b>oder<\/b><\/li>\r\n\t\t\t\t<li>Qualifizierender Mittlerer Abschluss <b>oder<\/b><\/li>\r\n\t\t\t\t<li>Versetzung in die gymnasiale Oberstufe ohne weitere Notenvoraussetzungen.<\/li>\r\n\t\t\t<\/ul>\r\n\t\t<\/div>\r\n\t<\/div>\r\n\t<div class=\"schulform_zielsetzungen\">\r\n\t\t<p class=\"schulform_headline fos\"><img decoding=\"async\" src=\"https:\/\/bseschwege.de\/wp\/wp-content\/uploads\/2023\/09\/target-1.png\" style=\"width: 40px; padding-right: 4px; padding-top: 1px; margin-right:5px\">Zielsetzungen<\/p>\r\n\t\t<div class=\"schulform_beschreibung\">\r\n\t\t\t<p>Nach zwei Jahren (Form A) wird die Fachhochschulreife erworben. Wer eine abgeschlossene Ausbildung in einem zum Schwerpunkt passenden Beruf absolviert hat und die Notenvoraussetzungen erf\u00fcllt, kann direkt in die Klasse 12 der FOS aufgenommen werden (Form B).<\/p>\r\n\t\t\t<p>Die Fachhochschulreife berechtigt zu einem Studium an einer Fachhochschule oder einer Universit\u00e4t mit entsprechenden Studieng\u00e4ngen. Gleiches gilt nat\u00fcrlich auch f\u00fcr ein duales Studium oder die Ausbildung in einem \u201eTop-Beruf\u201c.<\/p>\r\n\t\t\t<p>Der evtl. \u00dcbergang in universit\u00e4re Studieng\u00e4nge muss im Einzelfall mit der jeweiligen Hochschule gekl\u00e4rt werden, weil es in den einzelnen Bundesl\u00e4ndern Unterschiede gibt.<\/p>\r\n\t\t\t<p>Fachhochschulreife bedeutet, dass unabh\u00e4ngig von dem schulischen Schwerpunkt, jede Studienrichtung gew\u00e4hlt werden kann.<\/p>\r\n\t\t\t<ul class=\"schulform_beschreibung_liste\" style=\"list-style: none\">\r\n\t\t\t\t<li ><i>Unterrichte der allgemeinen F\u00e4cher:<\/i>\r\n\t\t\t\t\t<ul style=\"list-style: none\">\r\n\t\t\t\t\t\t<li><i>Deutsch, Englisch, Mathematik, Politik, Physik, Chemie, Biologie, Religion\/Ethik, Sport.<\/i><\/li>\r\n\t\t\t\t\t<\/ul>\r\n\t\t\t\t<\/li>\r\n\t\t\t\t<li><i>Unterrichte der Schwerpunktf\u00e4cher:<\/i>\r\n\t\t\t\t\t<ul style=\"list-style: none\">\r\n\t\t\t\t\t\t<li><i>Maschinenbau, Sozialwissenschaften, Wirtschaft.<\/i><\/li>\r\n\t\t\t\t\t<\/ul>\r\n\t\t\t\t<\/li>\r\n\t\t\t<\/ul>\r\n\t\t\t<p>In der Klasse 11 wird der Unterricht an zwei Tagen pro Woche in der Schule erteilt. An den anderen Tagen \ufb01ndet ein ganzj\u00e4hriges betriebliches Praktikum statt.<\/p>\r\n\t\t\t<p>Der Praktikumsplatz ist selbst zu suchen und muss bestimmte Kriterien erf\u00fcllen, die Sie von der Schule erfahren. Der Praktikumsplatz muss vor den Sommerferien nachgewiesen werden.<\/p>\r\n\t\t\t<p>Das Praktikum dauert vom 1. August bis zum Ende der vorletzten Woche vor den Sommerferien. Den Praktikantinnen und Praktikanten steht Jahresurlaub nach den gesetzlichen und tari\ufb02ichen Bestimmungen zu. Der Jahresurlaub ist in den Schulferien in Anspruch zu nehmen. Au\u00dferhalb der Urlaubstage l\u00e4uft das Praktikum auch in den Ferien weiter.<\/p>\r\n\t\t\t<p>In der Klasse 12 \ufb01ndet der Unterricht an f\u00fcnf Tagen pro Woche statt. Zentrale schriftliche Pr\u00fcfungen erfolgen in dem jeweiligen Schwerpunktfach sowie in Deutsch, Englisch und Mathematik. M\u00fcndliche Pr\u00fcfungen erfolgen bei Bedarf.<\/p>\r\n\t\t<\/div>\r\n\t<\/div>\r\n\t<div class=\"schulform_besonderheiten\">\r\n\t\t\r\n\t<\/div>\r\n\t<div class=\"schulform_abschluss\">\r\n\t\t<p class=\"schulform_headline fos\"><img decoding=\"async\" src=\"https:\/\/bseschwege.de\/wp\/wp-content\/uploads\/2023\/09\/diploma.png\" style=\"width: 40px; padding-right: 6px; padding-top: 3px; margin-right:5px\">Abschluss<\/p>\r\n\t\t<div class=\"schulform_beschreibung\">\r\n\t\t\t<p>Fachhochschulreife<\/p>\r\n\t\t<\/div>\r\n\t<\/div>\r\n\t<div class=\"schulform_dauer\">\r\n\t\t<p class=\"schulform_headline fos\"><img decoding=\"async\" src=\"https:\/\/bseschwege.de\/wp\/wp-content\/uploads\/2023\/09\/time-2.png\" style=\"width: 40px; padding-right: 11px; padding-top: 6px; margin-right: 5px;\">Dauer<\/p>\r\n\t\t<div class=\"schulform_beschreibung\">\r\n\t\t\t<p>2 Jahre (Form A), 1 Jahr (Form B)<\/p>\r\n\t\t<\/div>\r\n\t<\/div>\r\n\t<div class=\"schulform_frist\">\r\n\t\t<p class=\"schulform_headline fos\"><img decoding=\"async\" src=\"https:\/\/bseschwege.de\/wp\/wp-content\/uploads\/2023\/09\/hourglass.png\" style=\"width: 40px; padding-right: 12px; padding-top: 6px; margin-right:5px;\">Anmeldefrist<\/p>\r\n\t\t<div class=\"schulform_beschreibung\">\r\n\t\t\t<p>Bis zum 31. M\u00e4rz<\/p>\r\n\t\t<\/div>\r\n\t<\/div>\r\n<\/div>\n\n\n\n<div class=\"download_container\" style=\"display: flex;flex-direction: column;\">\n\t\t<h2>Downloads<\/h2>\n\t\t<div class=\"download_item_container_schulform\">\n\t\t\t<div class=\"download_item download_item_schulform\">\n\t\t\t   <a class=\"download_link_fos\" style=\"text-decoration:none; text-align_center;\"  href=\"https:\/\/bseschwege.de\/wp\/wp-content\/uploads\/2024\/11\/Praesentation-FOS-Master-25.11.2024.pdf\" target=_blank>\n\t\t\t\t   <span class=\"btn_download btn_download_schulform btn_download_fos\">\n\t\t\t\t\t <img decoding=\"async\" class=\"download_pic\" src=\"https:\/\/bseschwege.de\/wp\/wp-content\/uploads\/2023\/11\/star.png\" alt=\"Download_Link\">\n\t\t\t\t\t <span class=\"text_left\">\n\t\t\t\t\t\t Zur Pr\u00e4sentation der FOS\n\t\t\t\t\t <\/span>\n\t\t\t\t   <\/span>\n\t\t\t\t<\/a> \n\t\t\t<\/div>\n\t\t\t<div class=\"download_item download_item_schulform\">\n\t\t\t  \t <a class=\"download_link_fos\" style=\"text-decoration:none; text-align_center;\"  href=\"https:\/\/bseschwege.de\/wp\/downloads\/#Anmeldeformulare\">\n\t\t\t\t   <span class=\"btn_download btn_download_schulform btn_download_fos\">\n\t\t\t\t\t <img decoding=\"async\" class=\"download_pic\" src=\"https:\/\/bseschwege.de\/wp\/wp-content\/uploads\/2024\/03\/form_white.png\" alt=\"Download_Link\">\n\t\t\t\t\t <span class=\"text_left\">\n\t\t\t\t\t\t Zur Anmeldung f\u00fcr die FOS\n\t\t\t\t\t <\/span>\n\t\t\t\t   <\/span>\n\t\t\t\t<\/a> \n\t\t\t<\/div>\n\t\t<\/div>\n<\/div>\n","protected":false},"excerpt":{"rendered":"<p>Schwerpunkte Wirtschaft und Verwaltung Technik (Elektrotechnik\/ Maschinenbau) Sozialwesen Downloads Zur Pr\u00e4sentation der FOS Zur Anmeldung f\u00fcr die FOS<\/p>\n","protected":false},"author":3,"featured_media":0,"parent":0,"menu_order":0,"comment_status":"closed","ping_status":"closed","template":"","meta":{"footnotes":""},"class_list":["post-17","page","type-page","status-publish","hentry"],"_links":{"self":[{"href":"https:\/\/bseschwege.de\/wp\/wp-json\/wp\/v2\/pages\/17","targetHints":{"allow":["GET"]}}],"collection":[{"href":"https:\/\/bseschwege.de\/wp\/wp-json\/wp\/v2\/pages"}],"about":[{"href":"https:\/\/bseschwege.de\/wp\/wp-json\/wp\/v2\/types\/page"}],"author":[{"embeddable":true,"href":"https:\/\/bseschwege.de\/wp\/wp-json\/wp\/v2\/users\/3"}],"replies":[{"embeddable":true,"href":"https:\/\/bseschwege.de\/wp\/wp-json\/wp\/v2\/comments?post=17"}],"version-history":[{"count":10,"href":"https:\/\/bseschwege.de\/wp\/wp-json\/wp\/v2\/pages\/17\/revisions"}],"predecessor-version":[{"id":7940,"href":"https:\/\/bseschwege.de\/wp\/wp-json\/wp\/v2\/pages\/17\/revisions\/7940"}],"wp:attachment":[{"href":"https:\/\/bseschwege.de\/wp\/wp-json\/wp\/v2\/media?parent=17"}],"curies":[{"name":"wp","href":"https:\/\/api.w.org\/{rel}","templated":true}]}}